{"id":13,"date":"2026-03-27T11:16:39","date_gmt":"2026-03-27T11:16:39","guid":{"rendered":"https:\/\/bigimpacts.fr\/?page_id=13"},"modified":"2026-04-04T08:49:50","modified_gmt":"2026-04-04T08:49:50","slug":"epicerie-solidaire","status":"publish","type":"page","link":"https:\/\/bigimpacts.fr\/index.php\/accueil\/4-000-coeurs-de-village\/epicerie-solidaire\/","title":{"rendered":"La p&rsquo;tite \u00e9picerie"},"content":{"rendered":"\t\t<div data-elementor-type=\"wp-page\" data-elementor-id=\"13\" class=\"elementor elementor-13\" data-elementor-post-type=\"page\">\n\t\t\t\t<div class=\"elementor-element elementor-element-488d2b7 e-flex e-con-boxed e-con e-parent\" data-id=\"488d2b7\" data-element_type=\"container\" data-e-type=\"container\" data-settings=\"{&quot;background_background&quot;:&quot;classic&quot;}\">\n\t\t\t\t\t<div class=\"e-con-inner\">\n\t\t<div class=\"elementor-element elementor-element-5dbd4c3 e-con-full e-flex e-con e-child\" data-id=\"5dbd4c3\" data-element_type=\"container\" data-e-type=\"container\">\n\t\t\t\t<div class=\"elementor-element elementor-element-1e6c932 elementor-widget elementor-widget-heading\" data-id=\"1e6c932\" data-element_type=\"widget\" data-e-type=\"widget\" data-widget_type=\"heading.default\">\n\t\t\t\t\t<h2 class=\"elementor-heading-title elementor-size-default\">La p\u2019tite \u00e9picerie : Faire battre \u00e0 nouveau le <br> c\u0153ur de nos villages.<\/h2>\t\t\t\t<\/div>\n\t\t\t\t<\/div>\n\t\t\t\t\t<\/div>\n\t\t\t\t<\/div>\n\t\t<div class=\"elementor-element elementor-element-f41c1ea e-con-full e-flex e-con e-parent\" data-id=\"f41c1ea\" data-element_type=\"container\" data-e-type=\"container\" data-settings=\"{&quot;background_background&quot;:&quot;classic&quot;}\">\n\t\t\t\t<div class=\"elementor-element elementor-element-8091156 elementor-widget__width-inherit elementor-widget elementor-widget-heading\" data-id=\"8091156\" data-element_type=\"widget\" data-e-type=\"widget\" data-widget_type=\"heading.default\">\n\t\t\t\t\t<h2 class=\"elementor-heading-title elementor-size-default\"><div class=\"messagedefilant\">\n  <div data-text=\" SOUTENEZ UN MOD\u00c8LE QUI NE FAIT PAS DE PROFIT, MAIS QUI FABRIQUE DE L'AVENIR. DEVENEZ PARTENAIRE \u2022 SOUTENEZ UN MOD\u00c8LE QUI NE FAIT PAS DE PROFIT, MAIS QUI FABRIQUE DE L'AVENIR. DEVENEZ PARTENAIRE \"><\/div>\n<\/div><\/h2>\t\t\t\t<\/div>\n\t\t\t\t<\/div>\n\t\t<div class=\"elementor-element elementor-element-a045c68 e-con-full e-flex e-con e-parent\" data-id=\"a045c68\" data-element_type=\"container\" data-e-type=\"container\" data-settings=\"{&quot;background_background&quot;:&quot;classic&quot;}\">\n\t\t<div class=\"elementor-element elementor-element-9dea661 e-con-full e-flex e-con e-child\" data-id=\"9dea661\" data-element_type=\"container\" data-e-type=\"container\" data-settings=\"{&quot;background_background&quot;:&quot;classic&quot;}\">\n\t\t\t\t<\/div>\n\t\t<div class=\"elementor-element elementor-element-890d8ed e-con-full e-flex e-con e-child\" data-id=\"890d8ed\" data-element_type=\"container\" data-e-type=\"container\">\n\t\t\t\t<div class=\"elementor-element elementor-element-3938ecf elementor-widget__width-initial elementor-widget elementor-widget-heading\" data-id=\"3938ecf\" data-element_type=\"widget\" data-e-type=\"widget\" data-widget_type=\"heading.default\">\n\t\t\t\t\t<h2 class=\"elementor-heading-title elementor-size-default\">L\u2019essence du projet<\/h2>\t\t\t\t<\/div>\n\t\t\t\t<div class=\"elementor-element elementor-element-e265e62 elementor-widget elementor-widget-heading\" data-id=\"e265e62\" data-element_type=\"widget\" data-e-type=\"widget\" data-widget_type=\"heading.default\">\n\t\t\t\t\t<h2 class=\"elementor-heading-title elementor-size-default\">Notre fonctionnement<\/h2>\t\t\t\t<\/div>\n\t\t\t\t<div class=\"elementor-element elementor-element-ed18c97 elementor-widget elementor-widget-text-editor\" data-id=\"ed18c97\" data-element_type=\"widget\" data-e-type=\"widget\" data-widget_type=\"text-editor.default\">\n\t\t\t\t\t\t\t\t\t<p class=\"cvGsUA direction-ltr align-start para-style-body\"><span class=\"a_GcMg font-feature-liga-off font-feature-clig-off font-feature-calt-off text-decoration-none text-strikethrough-none\">Le projet de la P\u2019tite \u00c9picerie part d\u2019un constat d\u2019urgence : la disparition du dernier commerce est souvent le point de bascule vers le d\u00e9clin d\u2019une commune. Face \u00e0 ce d\u00e9sert qui touche 62 % des villages, nous proposons un mod\u00e8le radical : z\u00e9ro salari\u00e9, z\u00e9ro marge, 100 % citoyen. Notre vision n\u2019est pas seulement de vendre des produits, mais de restaurer le poumon social des zones rurales en redonnant aux habitants les cl\u00e9s de leur propre territoire.<\/span><\/p><p class=\"cvGsUA direction-ltr align-start para-style-body\">\u00a0<\/p><p class=\"cvGsUA direction-ltr align-start para-style-body\"><span class=\"a_GcMg font-feature-liga-off font-feature-clig-off font-feature-calt-off text-decoration-none text-strikethrough-none\">Ici, l&rsquo;habitant n&rsquo;est plus un simple consommateur mais un acteur qui donne 2h de son temps par mois pour faire tourner la boutique. Ce don de temps permet de supprimer les interm\u00e9diaires et de vendre des produits de qualit\u00e9 \u00e0 prix co\u00fbtant, rendant l&rsquo;alimentation saine accessible \u00e0 tous. On ne se contente plus de passer en caisse : on s\u2019engage, on se rencontre et on r\u00e9anime ensemble le c\u0153ur du bourg.<\/span><\/p>\t\t\t\t\t\t\t\t<\/div>\n\t\t\t\t<div class=\"elementor-element elementor-element-a0ae422 elementor-align-center elementor-widget elementor-widget-button\" data-id=\"a0ae422\" data-element_type=\"widget\" data-e-type=\"widget\" data-widget_type=\"button.default\">\n\t\t\t\t\t\t\t\t\t\t<a class=\"elementor-button elementor-button-link elementor-size-sm\" href=\"https:\/\/bigimpacts.fr\/index.php\/accueil\/4-000-coeurs-de-village\/epicerie-solidaire\/\">\n\t\t\t\t\t\t<span class=\"elementor-button-content-wrapper\">\n\t\t\t\t\t\t\t\t\t<span class=\"elementor-button-text\">D\u00e9couvrir le projet<\/span>\n\t\t\t\t\t<\/span>\n\t\t\t\t\t<\/a>\n\t\t\t\t\t\t\t\t<\/div>\n\t\t\t\t<\/div>\n\t\t\t\t<\/div>\n\t\t<div class=\"elementor-element elementor-element-010b6bd e-flex e-con-boxed e-con e-parent\" data-id=\"010b6bd\" data-element_type=\"container\" data-e-type=\"container\" data-settings=\"{&quot;background_background&quot;:&quot;classic&quot;}\">\n\t\t\t\t\t<div class=\"e-con-inner\">\n\t\t\t\t<div class=\"elementor-element elementor-element-fea8d04 elementor-widget elementor-widget-image\" data-id=\"fea8d04\" data-element_type=\"widget\" data-e-type=\"widget\" data-widget_type=\"image.default\">\n\t\t\t\t\t\t\t\t\t\t\t\t\t\t\t<img fetchpriority=\"high\" decoding=\"async\" width=\"723\" height=\"1024\" src=\"https:\/\/bigimpacts.fr\/wp-content\/uploads\/2026\/04\/engagement-citoyen-benevole-association-bouge-ton-coq-723x1024.png\" class=\"attachment-large size-large wp-image-733\" alt=\"\" srcset=\"https:\/\/bigimpacts.fr\/wp-content\/uploads\/2026\/04\/engagement-citoyen-benevole-association-bouge-ton-coq-723x1024.png 723w, https:\/\/bigimpacts.fr\/wp-content\/uploads\/2026\/04\/engagement-citoyen-benevole-association-bouge-ton-coq-212x300.png 212w, https:\/\/bigimpacts.fr\/wp-content\/uploads\/2026\/04\/engagement-citoyen-benevole-association-bouge-ton-coq-768x1088.png 768w, https:\/\/bigimpacts.fr\/wp-content\/uploads\/2026\/04\/engagement-citoyen-benevole-association-bouge-ton-coq-1085x1536.png 1085w, https:\/\/bigimpacts.fr\/wp-content\/uploads\/2026\/04\/engagement-citoyen-benevole-association-bouge-ton-coq-1446x2048.png 1446w, https:\/\/bigimpacts.fr\/wp-content\/uploads\/2026\/04\/engagement-citoyen-benevole-association-bouge-ton-coq-scaled.png 1808w\" sizes=\"(max-width: 723px) 100vw, 723px\" \/>\t\t\t\t\t\t\t\t\t\t\t\t\t\t\t<\/div>\n\t\t<div class=\"elementor-element elementor-element-87a2871 e-con-full e-flex e-con e-child\" data-id=\"87a2871\" data-element_type=\"container\" data-e-type=\"container\">\n\t\t\t\t<div class=\"elementor-element elementor-element-87e4b73 elementor-widget elementor-widget-heading\" data-id=\"87e4b73\" data-element_type=\"widget\" data-e-type=\"widget\" data-widget_type=\"heading.default\">\n\t\t\t\t\t<h2 class=\"elementor-heading-title elementor-size-default\">l\u2019ambition<\/h2>\t\t\t\t<\/div>\n\t\t\t\t<div class=\"elementor-element elementor-element-32a453c elementor-widget elementor-widget-heading\" data-id=\"32a453c\" data-element_type=\"widget\" data-e-type=\"widget\" data-widget_type=\"heading.default\">\n\t\t\t\t\t<h2 class=\"elementor-heading-title elementor-size-default\">1 000 villages, 1 000 c\u0153urs battants<\/h2>\t\t\t\t<\/div>\n\t\t\t\t<div class=\"elementor-element elementor-element-88857f3 elementor-widget elementor-widget-text-editor\" data-id=\"88857f3\" data-element_type=\"widget\" data-e-type=\"widget\" data-widget_type=\"text-editor.default\">\n\t\t\t\t\t\t\t\t\t<p class=\"cvGsUA direction-ltr align-start para-style-body\"><span class=\"a_GcMg font-feature-liga-off font-feature-clig-off font-feature-calt-off text-decoration-none text-strikethrough-none\">Notre ambition est de faire de la P\u2019tite \u00c9picerie le standard de la revitalisation rurale en France. Nous ne visons pas seulement l&rsquo;ouverture de points de vente isol\u00e9s, mais le d\u00e9ploiement d&rsquo;un r\u00e9seau massif capable de couvrir les 21 000 communes aujourd&rsquo;hui priv\u00e9es de commerce. D&rsquo;ici 2026, notre objectif est d&rsquo;\u00e9quiper et d&rsquo;accompagner des centaines de nouveaux villages pour qu&rsquo;aucun habitant ne soit plus contraint de faire 25 km pour acc\u00e9der \u00e0 une alimentation de qualit\u00e9.<\/span><\/p><p class=\"cvGsUA direction-ltr align-start para-style-body\"><span class=\"a_GcMg font-feature-liga-off font-feature-clig-off font-feature-calt-off text-decoration-none text-strikethrough-none\">Changer d&rsquo;\u00e9chelle, c&rsquo;est aussi prouver que l&rsquo;\u00e9conomie du don de temps et du circuit court est un mod\u00e8le de croissance viable et n\u00e9cessaire. En structurant ce mouvement national, nous cr\u00e9ons un plaidoyer puissant pour la souverainet\u00e9 alimentaire et la dignit\u00e9 des campagnes. Notre ambition ultime est que chaque b\u00e2timent vacant devienne une opportunit\u00e9 de rencontre, et que chaque village retrouve l&rsquo;autonomie et la fiert\u00e9 d&rsquo;un centre-bourg vivant, solidaire et r\u00e9silient.<\/span><\/p>\t\t\t\t\t\t\t\t<\/div>\n\t\t\t\t<\/div>\n\t\t\t\t\t<\/div>\n\t\t\t\t<\/div>\n\t\t<div class=\"elementor-element elementor-element-67d623c e-con-full e-flex e-con e-parent\" data-id=\"67d623c\" data-element_type=\"container\" data-e-type=\"container\" data-settings=\"{&quot;background_background&quot;:&quot;classic&quot;}\">\n\t\t<div class=\"elementor-element elementor-element-563f3c1 e-con-full e-flex e-con e-child\" data-id=\"563f3c1\" data-element_type=\"container\" data-e-type=\"container\">\n\t\t\t\t<div class=\"elementor-element elementor-element-ffa862a elementor-widget elementor-widget-counter\" data-id=\"ffa862a\" data-element_type=\"widget\" data-e-type=\"widget\" data-widget_type=\"counter.default\">\n\t\t\t\t\t\t\t<div class=\"elementor-counter\">\n\t\t\t<div class=\"elementor-counter-title\">des communes n\u2019ont plus de <br>commerce<\/div>\t\t\t<div class=\"elementor-counter-number-wrapper\">\n\t\t\t\t<span class=\"elementor-counter-number-prefix\"><\/span>\n\t\t\t\t<span class=\"elementor-counter-number\" data-duration=\"2000\" data-to-value=\"62\" data-from-value=\"0\" data-delimiter=\",\">0<\/span>\n\t\t\t\t<span class=\"elementor-counter-number-suffix\">%<\/span>\n\t\t\t<\/div>\n\t\t<\/div>\n\t\t\t\t\t\t<\/div>\n\t\t\t\t<\/div>\n\t\t<div class=\"elementor-element elementor-element-e7497d8 e-con-full e-flex e-con e-child\" data-id=\"e7497d8\" data-element_type=\"container\" data-e-type=\"container\">\n\t\t\t\t<div class=\"elementor-element elementor-element-45aceb4 elementor-widget elementor-widget-counter\" data-id=\"45aceb4\" data-element_type=\"widget\" data-e-type=\"widget\" data-widget_type=\"counter.default\">\n\t\t\t\t\t\t\t<div class=\"elementor-counter\">\n\t\t\t<div class=\"elementor-counter-title\">aller-retour en moyenne <br>pour faire ses courses<\/div>\t\t\t<div class=\"elementor-counter-number-wrapper\">\n\t\t\t\t<span class=\"elementor-counter-number-prefix\"><\/span>\n\t\t\t\t<span class=\"elementor-counter-number\" data-duration=\"2000\" data-to-value=\"25\" data-from-value=\"0\" data-delimiter=\",\">0<\/span>\n\t\t\t\t<span class=\"elementor-counter-number-suffix\">KMS<\/span>\n\t\t\t<\/div>\n\t\t<\/div>\n\t\t\t\t\t\t<\/div>\n\t\t\t\t<\/div>\n\t\t<div class=\"elementor-element elementor-element-a6d6d28 e-con-full e-flex e-con e-child\" data-id=\"a6d6d28\" data-element_type=\"container\" data-e-type=\"container\">\n\t\t\t\t<div class=\"elementor-element elementor-element-8f82bc5 elementor-widget elementor-widget-counter\" data-id=\"8f82bc5\" data-element_type=\"widget\" data-e-type=\"widget\" data-widget_type=\"counter.default\">\n\t\t\t\t\t\t\t<div class=\"elementor-counter\">\n\t\t\t<div class=\"elementor-counter-title\">des \u00e9piceries ont renforc\u00e9 le<br> lien social dans leur commune<\/div>\t\t\t<div class=\"elementor-counter-number-wrapper\">\n\t\t\t\t<span class=\"elementor-counter-number-prefix\"><\/span>\n\t\t\t\t<span class=\"elementor-counter-number\" data-duration=\"2000\" data-to-value=\"80\" data-from-value=\"0\" data-delimiter=\",\">0<\/span>\n\t\t\t\t<span class=\"elementor-counter-number-suffix\">%<\/span>\n\t\t\t<\/div>\n\t\t<\/div>\n\t\t\t\t\t\t<\/div>\n\t\t\t\t<\/div>\n\t\t\t\t<\/div>\n\t\t<div class=\"elementor-element elementor-element-aa39b16 e-flex e-con-boxed e-con e-parent\" data-id=\"aa39b16\" data-element_type=\"container\" data-e-type=\"container\" data-settings=\"{&quot;background_background&quot;:&quot;classic&quot;}\">\n\t\t\t\t\t<div class=\"e-con-inner\">\n\t\t\t\t<div class=\"elementor-element elementor-element-978a08a elementor-widget elementor-widget-heading\" data-id=\"978a08a\" data-element_type=\"widget\" data-e-type=\"widget\" data-widget_type=\"heading.default\">\n\t\t\t\t\t<h2 class=\"elementor-heading-title elementor-size-default\">L'Impact Local : Soutenir ceux qui nous nourrissent<\/h2>\t\t\t\t<\/div>\n\t\t\t\t\t<\/div>\n\t\t\t\t<\/div>\n\t\t<div class=\"elementor-element elementor-element-60b6df7 e-flex e-con-boxed e-con e-parent\" data-id=\"60b6df7\" data-element_type=\"container\" data-e-type=\"container\" data-settings=\"{&quot;background_background&quot;:&quot;classic&quot;}\">\n\t\t\t\t\t<div class=\"e-con-inner\">\n\t\t\t\t<div class=\"elementor-element elementor-element-fb19dcb elementor-widget elementor-widget-image\" data-id=\"fb19dcb\" data-element_type=\"widget\" data-e-type=\"widget\" data-widget_type=\"image.default\">\n\t\t\t\t\t\t\t\t\t\t\t\t\t\t\t<img decoding=\"async\" width=\"723\" height=\"1024\" src=\"https:\/\/bigimpacts.fr\/wp-content\/uploads\/2026\/04\/rayonnages-epicerie-solidaire-consommation-responsable-rurale-723x1024.png\" class=\"attachment-large size-large wp-image-740\" alt=\"\" srcset=\"https:\/\/bigimpacts.fr\/wp-content\/uploads\/2026\/04\/rayonnages-epicerie-solidaire-consommation-responsable-rurale-723x1024.png 723w, https:\/\/bigimpacts.fr\/wp-content\/uploads\/2026\/04\/rayonnages-epicerie-solidaire-consommation-responsable-rurale-212x300.png 212w, https:\/\/bigimpacts.fr\/wp-content\/uploads\/2026\/04\/rayonnages-epicerie-solidaire-consommation-responsable-rurale-768x1088.png 768w, https:\/\/bigimpacts.fr\/wp-content\/uploads\/2026\/04\/rayonnages-epicerie-solidaire-consommation-responsable-rurale-1085x1536.png 1085w, https:\/\/bigimpacts.fr\/wp-content\/uploads\/2026\/04\/rayonnages-epicerie-solidaire-consommation-responsable-rurale-1446x2048.png 1446w, https:\/\/bigimpacts.fr\/wp-content\/uploads\/2026\/04\/rayonnages-epicerie-solidaire-consommation-responsable-rurale-scaled.png 1808w\" sizes=\"(max-width: 723px) 100vw, 723px\" \/>\t\t\t\t\t\t\t\t\t\t\t\t\t\t\t<\/div>\n\t\t<div class=\"elementor-element elementor-element-d7e99f9 e-con-full e-flex e-con e-child\" data-id=\"d7e99f9\" data-element_type=\"container\" data-e-type=\"container\">\n\t\t\t\t<div class=\"elementor-element elementor-element-20351f9 elementor-widget elementor-widget-heading\" data-id=\"20351f9\" data-element_type=\"widget\" data-e-type=\"widget\" data-widget_type=\"heading.default\">\n\t\t\t\t\t<h2 class=\"elementor-heading-title elementor-size-default\">3 500 producteurs en circuit court<\/h2>\t\t\t\t<\/div>\n\t\t\t\t<div class=\"elementor-element elementor-element-8269aaf elementor-widget elementor-widget-text-editor\" data-id=\"8269aaf\" data-element_type=\"widget\" data-e-type=\"widget\" data-widget_type=\"text-editor.default\">\n\t\t\t\t\t\t\t\t\t<p class=\"cvGsUA direction-ltr align-start para-style-body\"><span class=\"a_GcMg font-feature-liga-off font-feature-clig-off font-feature-calt-off text-decoration-none text-strikethrough-none\">La P&rsquo;tite \u00c9picerie est un moteur \u00e9conomique pour nos campagnes. En supprimant les interm\u00e9diaires et les marges distributeurs, nous permettons aux agriculteurs et artisans locaux de fixer eux-m\u00eames leurs prix justes.<\/span><\/p><p class=\"cvGsUA direction-ltr align-start para-style-body\"><span class=\"a_GcMg font-feature-liga-off font-feature-clig-off font-feature-calt-off text-decoration-none text-strikethrough-none\">Aujourd\u2019hui, notre r\u00e9seau collabore avec plus de 3 500 producteurs, garantissant une r\u00e9mun\u00e9ration digne et une visibilit\u00e9 in\u00e9dite \u00e0 l&rsquo;agriculture de proximit\u00e9.<\/span><\/p><p class=\"cvGsUA direction-ltr align-start para-style-body\"><span class=\"a_GcMg font-feature-liga-off font-feature-clig-off font-feature-calt-off text-decoration-none text-strikethrough-none\">Investir avec nous, c&rsquo;est soutenir directement la souverainet\u00e9 alimentaire de nos r\u00e9gions.<\/span><\/p>\t\t\t\t\t\t\t\t<\/div>\n\t\t\t\t<div class=\"elementor-element elementor-element-34dd212 elementor-align-center elementor-widget elementor-widget-button\" data-id=\"34dd212\" data-element_type=\"widget\" data-e-type=\"widget\" data-widget_type=\"button.default\">\n\t\t\t\t\t\t\t\t\t\t<a class=\"elementor-button elementor-button-link elementor-size-sm\" href=\"#\">\n\t\t\t\t\t\t<span class=\"elementor-button-content-wrapper\">\n\t\t\t\t\t\t\t\t\t<span class=\"elementor-button-text\">En savoir plus<\/span>\n\t\t\t\t\t<\/span>\n\t\t\t\t\t<\/a>\n\t\t\t\t\t\t\t\t<\/div>\n\t\t\t\t<\/div>\n\t\t\t\t\t<\/div>\n\t\t\t\t<\/div>\n\t\t<div class=\"elementor-element elementor-element-d253924 e-flex e-con-boxed e-con e-parent\" data-id=\"d253924\" data-element_type=\"container\" data-e-type=\"container\" data-settings=\"{&quot;background_background&quot;:&quot;classic&quot;}\">\n\t\t\t\t\t<div class=\"e-con-inner\">\n\t\t<div class=\"elementor-element elementor-element-dc09ac0 e-con-full e-flex e-con e-child\" data-id=\"dc09ac0\" data-element_type=\"container\" data-e-type=\"container\" data-settings=\"{&quot;background_background&quot;:&quot;classic&quot;}\">\n\t\t\t\t<div class=\"elementor-element elementor-element-a91805f elementor-widget elementor-widget-heading\" data-id=\"a91805f\" data-element_type=\"widget\" data-e-type=\"widget\" data-widget_type=\"heading.default\">\n\t\t\t\t\t<h2 class=\"elementor-heading-title elementor-size-default\">Une logistique de bon sens<\/h2>\t\t\t\t<\/div>\n\t\t\t\t<div class=\"elementor-element elementor-element-187c0be elementor-widget elementor-widget-text-editor\" data-id=\"187c0be\" data-element_type=\"widget\" data-e-type=\"widget\" data-widget_type=\"text-editor.default\">\n\t\t\t\t\t\t\t\t\t<p class=\"cvGsUA direction-ltr align-start para-style-body\"><span class=\"a_GcMg font-feature-liga-off font-feature-clig-off font-feature-calt-off text-decoration-none text-strikethrough-none\">Notre mod\u00e8le r\u00e9duit drastiquement l\u2019empreinte carbone des villages. En \u00e9vitant des trajets de 25 km pour les courses quotidiennes, nous limitons les \u00e9missions de CO2 et l&rsquo;usage de la voiture. De plus, nous luttons contre l\u2019artificialisation des sols en r\u00e9habilitant exclusivement des b\u00e2timents communaux vacants (anciennes \u00e9coles, mairies, presbyt\u00e8res). C&rsquo;est une r\u00e9ponse concr\u00e8te aux enjeux climatiques, ancr\u00e9e dans la r\u00e9utilisation et le circuit court.<\/span><\/p>\t\t\t\t\t\t\t\t<\/div>\n\t\t\t\t<\/div>\n\t\t\t\t\t<\/div>\n\t\t\t\t<\/div>\n\t\t<div class=\"elementor-element elementor-element-007cf21 e-flex e-con-boxed e-con e-parent\" data-id=\"007cf21\" data-element_type=\"container\" data-e-type=\"container\" data-settings=\"{&quot;background_background&quot;:&quot;classic&quot;}\">\n\t\t\t\t\t<div class=\"e-con-inner\">\n\t\t\t\t<div class=\"elementor-element elementor-element-efcbcde elementor-widget elementor-widget-heading\" data-id=\"efcbcde\" data-element_type=\"widget\" data-e-type=\"widget\" data-widget_type=\"heading.default\">\n\t\t\t\t\t<h2 class=\"elementor-heading-title elementor-size-default\">Nous soutenir<\/h2>\t\t\t\t<\/div>\n\t\t\t\t<div class=\"elementor-element elementor-element-9c297ae elementor-widget elementor-widget-text-editor\" data-id=\"9c297ae\" data-element_type=\"widget\" data-e-type=\"widget\" data-widget_type=\"text-editor.default\">\n\t\t\t\t\t\t\t\t\t<p class=\"cvGsUA direction-ltr align-center para-style-body\"><span class=\"a_GcMg font-feature-liga-off font-feature-clig-off font-feature-calt-off text-decoration-none text-strikethrough-none\">Chaque don compte. Gr\u00e2ce \u00e0 votre g\u00e9n\u00e9rosit\u00e9, nous pouvons continuer \u00e0 agir concr\u00e8tement et apporter une aide essentielle \u00e0 ceux qui en ont besoin. <\/span><span class=\"a_GcMg font-feature-liga-off font-feature-clig-off font-feature-calt-off text-decoration-none text-strikethrough-none\">Aujourd\u2019hui, vous avez le pouvoir de changer des vies, simplement en donnant.<\/span><\/p>\t\t\t\t\t\t\t\t<\/div>\n\t\t\t\t<div class=\"elementor-element elementor-element-2b22fb0 elementor-align-center elementor-widget elementor-widget-button\" data-id=\"2b22fb0\" data-element_type=\"widget\" data-e-type=\"widget\" data-widget_type=\"button.default\">\n\t\t\t\t\t\t\t\t\t\t<a class=\"elementor-button elementor-button-link elementor-size-sm\" href=\"#\">\n\t\t\t\t\t\t<span class=\"elementor-button-content-wrapper\">\n\t\t\t\t\t\t\t\t\t<span class=\"elementor-button-text\">Nous soutenir maintenant<\/span>\n\t\t\t\t\t<\/span>\n\t\t\t\t\t<\/a>\n\t\t\t\t\t\t\t\t<\/div>\n\t\t\t\t\t<\/div>\n\t\t\t\t<\/div>\n\t\t\t\t<\/div>\n\t\t","protected":false},"excerpt":{"rendered":"<p>La p\u2019tite \u00e9picerie : Faire battre \u00e0 nouveau le c\u0153ur de nos villages. L\u2019essence du projet Notre fonctionnement Le projet de la P\u2019tite \u00c9picerie part d\u2019un constat d\u2019urgence : la disparition du dernier commerce est souvent le point de bascule vers le d\u00e9clin d\u2019une commune. Face \u00e0 ce d\u00e9sert qui touche 62 % des villages, [&hellip;]<\/p>\n","protected":false},"author":2,"featured_media":0,"parent":16,"menu_order":0,"comment_status":"closed","ping_status":"closed","template":"","meta":{"footnotes":""},"class_list":["post-13","page","type-page","status-publish","hentry"],"jetpack_sharing_enabled":true,"_links":{"self":[{"href":"https:\/\/bigimpacts.fr\/index.php\/wp-json\/wp\/v2\/pages\/13","targetHints":{"allow":["GET"]}}],"collection":[{"href":"https:\/\/bigimpacts.fr\/index.php\/wp-json\/wp\/v2\/pages"}],"about":[{"href":"https:\/\/bigimpacts.fr\/index.php\/wp-json\/wp\/v2\/types\/page"}],"author":[{"embeddable":true,"href":"https:\/\/bigimpacts.fr\/index.php\/wp-json\/wp\/v2\/users\/2"}],"replies":[{"embeddable":true,"href":"https:\/\/bigimpacts.fr\/index.php\/wp-json\/wp\/v2\/comments?post=13"}],"version-history":[{"count":8,"href":"https:\/\/bigimpacts.fr\/index.php\/wp-json\/wp\/v2\/pages\/13\/revisions"}],"predecessor-version":[{"id":785,"href":"https:\/\/bigimpacts.fr\/index.php\/wp-json\/wp\/v2\/pages\/13\/revisions\/785"}],"up":[{"embeddable":true,"href":"https:\/\/bigimpacts.fr\/index.php\/wp-json\/wp\/v2\/pages\/16"}],"wp:attachment":[{"href":"https:\/\/bigimpacts.fr\/index.php\/wp-json\/wp\/v2\/media?parent=13"}],"curies":[{"name":"wp","href":"https:\/\/api.w.org\/{rel}","templated":true}]}}