{"id":20,"date":"2026-03-27T11:17:01","date_gmt":"2026-03-27T11:17:01","guid":{"rendered":"https:\/\/bigimpacts.fr\/?page_id=20"},"modified":"2026-04-04T08:49:41","modified_gmt":"2026-04-04T08:49:41","slug":"centres-de-sante","status":"publish","type":"page","link":"https:\/\/bigimpacts.fr\/index.php\/accueil\/4-000-coeurs-de-village\/centres-de-sante\/","title":{"rendered":"Medecins Solidaires"},"content":{"rendered":"\t\t<div data-elementor-type=\"wp-page\" data-elementor-id=\"20\" class=\"elementor elementor-20\" data-elementor-post-type=\"page\">\n\t\t\t\t<div class=\"elementor-element elementor-element-e4569bb e-flex e-con-boxed e-con e-parent\" data-id=\"e4569bb\" data-element_type=\"container\" data-e-type=\"container\" data-settings=\"{&quot;background_background&quot;:&quot;classic&quot;}\">\n\t\t\t\t\t<div class=\"e-con-inner\">\n\t\t<div class=\"elementor-element elementor-element-9378ce4 e-con-full e-flex e-con e-child\" data-id=\"9378ce4\" data-element_type=\"container\" data-e-type=\"container\">\n\t\t\t\t<div class=\"elementor-element elementor-element-c86c5a4 elementor-widget elementor-widget-heading\" data-id=\"c86c5a4\" data-element_type=\"widget\" data-e-type=\"widget\" data-widget_type=\"heading.default\">\n\t\t\t\t\t<h2 class=\"elementor-heading-title elementor-size-default\">une semaine pour soigner nos villages<\/h2>\t\t\t\t<\/div>\n\t\t\t\t<\/div>\n\t\t\t\t\t<\/div>\n\t\t\t\t<\/div>\n\t\t<div class=\"elementor-element elementor-element-6b73ab6 e-flex e-con-boxed e-con e-parent\" data-id=\"6b73ab6\" data-element_type=\"container\" data-e-type=\"container\" data-settings=\"{&quot;background_background&quot;:&quot;classic&quot;}\">\n\t\t\t\t\t<div class=\"e-con-inner\">\n\t\t\t\t<div class=\"elementor-element elementor-element-04d5eb6 elementor-widget elementor-widget-heading\" data-id=\"04d5eb6\" data-element_type=\"widget\" data-e-type=\"widget\" data-widget_type=\"heading.default\">\n\t\t\t\t\t<h2 class=\"elementor-heading-title elementor-size-default\">Contre les d\u00e9serts m\u00e9dicaux, soignons collectif !<\/h2>\t\t\t\t<\/div>\n\t\t\t\t<div class=\"elementor-element elementor-element-16c53d0 elementor-align-center elementor-widget elementor-widget-button\" data-id=\"16c53d0\" data-element_type=\"widget\" data-e-type=\"widget\" data-widget_type=\"button.default\">\n\t\t\t\t\t\t\t\t\t\t<a class=\"elementor-button elementor-button-link elementor-size-sm\" href=\"#\">\n\t\t\t\t\t\t<span class=\"elementor-button-content-wrapper\">\n\t\t\t\t\t\t\t\t\t<span class=\"elementor-button-text\">Nous soutenir<\/span>\n\t\t\t\t\t<\/span>\n\t\t\t\t\t<\/a>\n\t\t\t\t\t\t\t\t<\/div>\n\t\t\t\t\t<\/div>\n\t\t\t\t<\/div>\n\t\t<div class=\"elementor-element elementor-element-54de0f0 e-flex e-con-boxed e-con e-parent\" data-id=\"54de0f0\" data-element_type=\"container\" data-e-type=\"container\" data-settings=\"{&quot;background_background&quot;:&quot;classic&quot;}\">\n\t\t\t\t\t<div class=\"e-con-inner\">\n\t\t\t\t<div class=\"elementor-element elementor-element-df28215 elementor-widget elementor-widget-image\" data-id=\"df28215\" data-element_type=\"widget\" data-e-type=\"widget\" data-widget_type=\"image.default\">\n\t\t\t\t\t\t\t\t\t\t\t\t\t\t\t<img fetchpriority=\"high\" decoding=\"async\" width=\"683\" height=\"1024\" src=\"https:\/\/bigimpacts.fr\/wp-content\/uploads\/2026\/04\/centre-medical-medecins-solidaires-lutte-deserts-medicaux-1-683x1024.png\" class=\"attachment-large size-large wp-image-757\" alt=\"\" srcset=\"https:\/\/bigimpacts.fr\/wp-content\/uploads\/2026\/04\/centre-medical-medecins-solidaires-lutte-deserts-medicaux-1-683x1024.png 683w, https:\/\/bigimpacts.fr\/wp-content\/uploads\/2026\/04\/centre-medical-medecins-solidaires-lutte-deserts-medicaux-1-200x300.png 200w, https:\/\/bigimpacts.fr\/wp-content\/uploads\/2026\/04\/centre-medical-medecins-solidaires-lutte-deserts-medicaux-1-768x1152.png 768w, https:\/\/bigimpacts.fr\/wp-content\/uploads\/2026\/04\/centre-medical-medecins-solidaires-lutte-deserts-medicaux-1.png 1024w\" sizes=\"(max-width: 683px) 100vw, 683px\" \/>\t\t\t\t\t\t\t\t\t\t\t\t\t\t\t<\/div>\n\t\t<div class=\"elementor-element elementor-element-30a234b e-con-full e-flex e-con e-child\" data-id=\"30a234b\" data-element_type=\"container\" data-e-type=\"container\">\n\t\t\t\t<div class=\"elementor-element elementor-element-1639d7b elementor-widget elementor-widget-heading\" data-id=\"1639d7b\" data-element_type=\"widget\" data-e-type=\"widget\" data-widget_type=\"heading.default\">\n\t\t\t\t\t<h2 class=\"elementor-heading-title elementor-size-default\">Le concept\u200b<\/h2>\t\t\t\t<\/div>\n\t\t\t\t<div class=\"elementor-element elementor-element-7ede187 elementor-widget elementor-widget-heading\" data-id=\"7ede187\" data-element_type=\"widget\" data-e-type=\"widget\" data-widget_type=\"heading.default\">\n\t\t\t\t\t<h2 class=\"elementor-heading-title elementor-size-default\">Une r\u00e9ponse collective au d\u00e9sert m\u00e9dical<\/h2>\t\t\t\t<\/div>\n\t\t\t\t<div class=\"elementor-element elementor-element-5aa4c01 elementor-widget elementor-widget-text-editor\" data-id=\"5aa4c01\" data-element_type=\"widget\" data-e-type=\"widget\" data-widget_type=\"text-editor.default\">\n\t\t\t\t\t\t\t\t\t<p class=\"cvGsUA direction-ltr align-start para-style-body\"><span class=\"a_GcMg font-feature-liga-off font-feature-clig-off font-feature-calt-off text-decoration-none text-strikethrough-none\">Face \u00e0 l\u2019urgence des d\u00e9serts m\u00e9dicaux, M\u00e9decins Solidaires propose une solution de rupture : la cr\u00e9ation de centres de sant\u00e9 reposant sur un collectif de m\u00e9decins g\u00e9n\u00e9ralistes. Plut\u00f4t que de chercher un m\u00e9decin permanent introuvable, nous mobilisons un r\u00e9seau de praticiens solidaires qui se relaient chaque semaine pour assurer une permanence de soin continue et de qualit\u00e9. Bouge ton CoQ ! intervient comme le catalyseur de cette renaissance en r\u00e9alisant les diagnostics territoriaux et l\u2019ing\u00e9nierie des projets de sant\u00e9, transformant ainsi des zones en d\u00e9prise m\u00e9dicale en territoires de soins \u00e0 nouveau attractifs et s\u00e9curis\u00e9s.<\/span><\/p>\t\t\t\t\t\t\t\t<\/div>\n\t\t\t\t<\/div>\n\t\t\t\t\t<\/div>\n\t\t\t\t<\/div>\n\t\t<div class=\"elementor-element elementor-element-8f3ed48 e-con-full e-flex e-con e-parent\" data-id=\"8f3ed48\" data-element_type=\"container\" data-e-type=\"container\" data-settings=\"{&quot;background_background&quot;:&quot;classic&quot;}\">\n\t\t<div class=\"elementor-element elementor-element-0195504 e-con-full e-flex e-con e-child\" data-id=\"0195504\" data-element_type=\"container\" data-e-type=\"container\">\n\t\t\t\t<div class=\"elementor-element elementor-element-97efa5a elementor-widget elementor-widget-counter\" data-id=\"97efa5a\" data-element_type=\"widget\" data-e-type=\"widget\" data-widget_type=\"counter.default\">\n\t\t\t\t\t\t\t<div class=\"elementor-counter\">\n\t\t\t<div class=\"elementor-counter-title\">consultations effectu\u00e9es depuis 2024<\/div>\t\t\t<div class=\"elementor-counter-number-wrapper\">\n\t\t\t\t<span class=\"elementor-counter-number-prefix\">+<\/span>\n\t\t\t\t<span class=\"elementor-counter-number\" data-duration=\"2000\" data-to-value=\"75000\" data-from-value=\"0\">0<\/span>\n\t\t\t\t<span class=\"elementor-counter-number-suffix\"><\/span>\n\t\t\t<\/div>\n\t\t<\/div>\n\t\t\t\t\t\t<\/div>\n\t\t\t\t<\/div>\n\t\t<div class=\"elementor-element elementor-element-2b1fbd1 e-con-full e-flex e-con e-child\" data-id=\"2b1fbd1\" data-element_type=\"container\" data-e-type=\"container\">\n\t\t\t\t<div class=\"elementor-element elementor-element-97c00e0 elementor-widget elementor-widget-counter\" data-id=\"97c00e0\" data-element_type=\"widget\" data-e-type=\"widget\" data-widget_type=\"counter.default\">\n\t\t\t\t\t\t\t<div class=\"elementor-counter\">\n\t\t\t<div class=\"elementor-counter-title\">m\u00e9decins g\u00e9n\u00e9ralistes volontaires<\/div>\t\t\t<div class=\"elementor-counter-number-wrapper\">\n\t\t\t\t<span class=\"elementor-counter-number-prefix\">+<\/span>\n\t\t\t\t<span class=\"elementor-counter-number\" data-duration=\"2000\" data-to-value=\"780\" data-from-value=\"0\" data-delimiter=\",\">0<\/span>\n\t\t\t\t<span class=\"elementor-counter-number-suffix\"><\/span>\n\t\t\t<\/div>\n\t\t<\/div>\n\t\t\t\t\t\t<\/div>\n\t\t\t\t<\/div>\n\t\t<div class=\"elementor-element elementor-element-a325196 e-con-full e-flex e-con e-child\" data-id=\"a325196\" data-element_type=\"container\" data-e-type=\"container\">\n\t\t\t\t<div class=\"elementor-element elementor-element-6a6d60b elementor-widget elementor-widget-counter\" data-id=\"6a6d60b\" data-element_type=\"widget\" data-e-type=\"widget\" data-widget_type=\"counter.default\">\n\t\t\t\t\t\t\t<div class=\"elementor-counter\">\n\t\t\t<div class=\"elementor-counter-title\">centres de sant\u00e9 d\u00e9j\u00e0 ouverts<\/div>\t\t\t<div class=\"elementor-counter-number-wrapper\">\n\t\t\t\t<span class=\"elementor-counter-number-prefix\">+<\/span>\n\t\t\t\t<span class=\"elementor-counter-number\" data-duration=\"2000\" data-to-value=\"10\" data-from-value=\"0\" data-delimiter=\",\">0<\/span>\n\t\t\t\t<span class=\"elementor-counter-number-suffix\"><\/span>\n\t\t\t<\/div>\n\t\t<\/div>\n\t\t\t\t\t\t<\/div>\n\t\t\t\t<\/div>\n\t\t\t\t<\/div>\n\t\t<div class=\"elementor-element elementor-element-131e63e e-con-full e-flex e-con e-parent\" data-id=\"131e63e\" data-element_type=\"container\" data-e-type=\"container\" data-settings=\"{&quot;background_background&quot;:&quot;classic&quot;}\">\n\t\t<div class=\"elementor-element elementor-element-e2ec175 e-con-full e-flex e-con e-child\" data-id=\"e2ec175\" data-element_type=\"container\" data-e-type=\"container\" data-settings=\"{&quot;background_background&quot;:&quot;classic&quot;}\">\n\t\t\t\t<\/div>\n\t\t<div class=\"elementor-element elementor-element-a65c51b e-con-full e-flex e-con e-child\" data-id=\"a65c51b\" data-element_type=\"container\" data-e-type=\"container\">\n\t\t\t\t<div class=\"elementor-element elementor-element-2ccf07d elementor-widget__width-initial elementor-widget elementor-widget-heading\" data-id=\"2ccf07d\" data-element_type=\"widget\" data-e-type=\"widget\" data-widget_type=\"heading.default\">\n\t\t\t\t\t<h2 class=\"elementor-heading-title elementor-size-default\">Une ing\u00e9nierie partag\u00e9e<\/h2>\t\t\t\t<\/div>\n\t\t\t\t<div class=\"elementor-element elementor-element-4622167 elementor-widget elementor-widget-heading\" data-id=\"4622167\" data-element_type=\"widget\" data-e-type=\"widget\" data-widget_type=\"heading.default\">\n\t\t\t\t\t<h2 class=\"elementor-heading-title elementor-size-default\">Notre fonctionnement<\/h2>\t\t\t\t<\/div>\n\t\t\t\t<div class=\"elementor-element elementor-element-9741a6f elementor-widget elementor-widget-text-editor\" data-id=\"9741a6f\" data-element_type=\"widget\" data-e-type=\"widget\" data-widget_type=\"text-editor.default\">\n\t\t\t\t\t\t\t\t\t<p class=\"cvGsUA direction-ltr align-start para-style-body\"><span class=\"a_GcMg font-feature-liga-off font-feature-clig-off font-feature-calt-off text-decoration-none text-strikethrough-none\">Le d\u00e9ploiement d&rsquo;un centre de sant\u00e9 repose sur une r\u00e9partition pr\u00e9cise des missions. La phase de conception consiste d&rsquo;abord \u00e0 r\u00e9aliser un Diagnostic Territorial pour identifier les zones prioritaires, mener les \u00e9changes avec les \u00e9lus locaux et \u00e9laborer le Projet de Sant\u00e9, document cadre indispensable \u00e0 la cr\u00e9ation de toute structure de soins.<\/span><\/p><p class=\"cvGsUA direction-ltr align-start para-style-body\"><span class=\"a_GcMg font-feature-liga-off font-feature-clig-off font-feature-calt-off text-decoration-none text-strikethrough-none\">Une fois cette ing\u00e9nierie valid\u00e9e, la phase op\u00e9rationnelle prend le relais. Elle assure l&rsquo;ouverture physique du centre, la gestion administrative et l&rsquo;animation du collectif de m\u00e9decins. Ce mod\u00e8le permet de mobiliser des centaines de praticiens qui se relaient chaque semaine pour assurer une pr\u00e9sence m\u00e9dicale continue, l\u00e0 o\u00f9 un recrutement classique de m\u00e9decin permanent n&rsquo;est plus possible.<\/span><\/p>\t\t\t\t\t\t\t\t<\/div>\n\t\t\t\t<\/div>\n\t\t\t\t<\/div>\n\t\t<div class=\"elementor-element elementor-element-331bb03 e-flex e-con-boxed e-con e-parent\" data-id=\"331bb03\" data-element_type=\"container\" data-e-type=\"container\" data-settings=\"{&quot;background_background&quot;:&quot;classic&quot;}\">\n\t\t\t\t\t<div class=\"e-con-inner\">\n\t\t<div class=\"elementor-element elementor-element-6ac15c5 e-con-full e-flex e-con e-child\" data-id=\"6ac15c5\" data-element_type=\"container\" data-e-type=\"container\" data-settings=\"{&quot;background_background&quot;:&quot;classic&quot;}\">\n\t\t\t\t<div class=\"elementor-element elementor-element-8af4f52 elementor-widget elementor-widget-heading\" data-id=\"8af4f52\" data-element_type=\"widget\" data-e-type=\"widget\" data-widget_type=\"heading.default\">\n\t\t\t\t\t<h2 class=\"elementor-heading-title elementor-size-default\">8 centres ouverts et un collectif de 780 m\u00e9decins mobilis\u00e9s<\/h2>\t\t\t\t<\/div>\n\t\t\t\t<div class=\"elementor-element elementor-element-4158d34 elementor-widget elementor-widget-text-editor\" data-id=\"4158d34\" data-element_type=\"widget\" data-e-type=\"widget\" data-widget_type=\"text-editor.default\">\n\t\t\t\t\t\t\t\t\t<p class=\"cvGsUA direction-ltr align-start para-style-body\"><span class=\"a_GcMg font-feature-liga-off font-feature-clig-off font-feature-calt-off text-decoration-none text-strikethrough-none\">Le mod\u00e8le prouve aujourd&rsquo;hui sa viabilit\u00e9 avec un r\u00e9seau qui s&rsquo;\u00e9tend sur l&rsquo;ensemble du territoire national. Avec d\u00e9j\u00e0 8 centres op\u00e9rationnels et 10 lignes de soins actives, le collectif s&rsquo;appuie sur l&rsquo;engagement de 780 m\u00e9decins g\u00e9n\u00e9ralistes volontaires. Cette force de frappe permet de programmer des ouvertures r\u00e9guli\u00e8res, avec un planning de d\u00e9ploiement ambitieux s&rsquo;\u00e9tendant jusqu&rsquo;en 2026. L&rsquo;objectif est de couvrir des zones de plus en plus vastes, en Eure-et-Loir, en Dordogne ou encore en Nouvelle-Aquitaine, pour transformer durablement l&rsquo;acc\u00e8s aux soins dans les territoires ruraux.<\/span><\/p>\t\t\t\t\t\t\t\t<\/div>\n\t\t\t\t<\/div>\n\t\t\t\t\t<\/div>\n\t\t\t\t<\/div>\n\t\t<div class=\"elementor-element elementor-element-26014f4 e-flex e-con-boxed e-con e-parent\" data-id=\"26014f4\" data-element_type=\"container\" data-e-type=\"container\" data-settings=\"{&quot;background_background&quot;:&quot;classic&quot;}\">\n\t\t\t\t\t<div class=\"e-con-inner\">\n\t\t\t\t<div class=\"elementor-element elementor-element-9050d8e elementor-widget elementor-widget-image\" data-id=\"9050d8e\" data-element_type=\"widget\" data-e-type=\"widget\" data-widget_type=\"image.default\">\n\t\t\t\t\t\t\t\t\t\t\t\t\t\t\t<img decoding=\"async\" width=\"723\" height=\"1024\" src=\"https:\/\/bigimpacts.fr\/wp-content\/uploads\/2026\/04\/medecins-solidaires-consultation-patient-senior-proximite-723x1024.png\" class=\"attachment-large size-large wp-image-737\" alt=\"\" srcset=\"https:\/\/bigimpacts.fr\/wp-content\/uploads\/2026\/04\/medecins-solidaires-consultation-patient-senior-proximite-723x1024.png 723w, https:\/\/bigimpacts.fr\/wp-content\/uploads\/2026\/04\/medecins-solidaires-consultation-patient-senior-proximite-212x300.png 212w, https:\/\/bigimpacts.fr\/wp-content\/uploads\/2026\/04\/medecins-solidaires-consultation-patient-senior-proximite-768x1088.png 768w, https:\/\/bigimpacts.fr\/wp-content\/uploads\/2026\/04\/medecins-solidaires-consultation-patient-senior-proximite-1085x1536.png 1085w, https:\/\/bigimpacts.fr\/wp-content\/uploads\/2026\/04\/medecins-solidaires-consultation-patient-senior-proximite-1446x2048.png 1446w, https:\/\/bigimpacts.fr\/wp-content\/uploads\/2026\/04\/medecins-solidaires-consultation-patient-senior-proximite-scaled.png 1808w\" sizes=\"(max-width: 723px) 100vw, 723px\" \/>\t\t\t\t\t\t\t\t\t\t\t\t\t\t\t<\/div>\n\t\t<div class=\"elementor-element elementor-element-422bce4 e-con-full e-flex e-con e-child\" data-id=\"422bce4\" data-element_type=\"container\" data-e-type=\"container\">\n\t\t\t\t<div class=\"elementor-element elementor-element-a1b3f51 elementor-widget elementor-widget-heading\" data-id=\"a1b3f51\" data-element_type=\"widget\" data-e-type=\"widget\" data-widget_type=\"heading.default\">\n\t\t\t\t\t<h2 class=\"elementor-heading-title elementor-size-default\">Cibler les territoires en tension m\u00e9dicale\n<\/h2>\t\t\t\t<\/div>\n\t\t\t\t<div class=\"elementor-element elementor-element-251ca67 elementor-widget elementor-widget-text-editor\" data-id=\"251ca67\" data-element_type=\"widget\" data-e-type=\"widget\" data-widget_type=\"text-editor.default\">\n\t\t\t\t\t\t\t\t\t<p class=\"cvGsUA direction-ltr align-start para-style-body\"><span class=\"a_GcMg font-feature-liga-off font-feature-clig-off font-feature-calt-off text-decoration-none text-strikethrough-none\">Le choix des centres r\u00e9pond \u00e0 une logique de proximit\u00e9 imm\u00e9diate. Nous privil\u00e9gions les centres bourgs capables de rayonner sur tout un bassin de vie, l\u00e0 o\u00f9 l&rsquo;urgence est la plus critique. Cette approche garantit un impact maximal pour les populations isol\u00e9es en concentrant les ressources de soins au plus pr\u00e8s des besoins r\u00e9els.<\/span><\/p>\t\t\t\t\t\t\t\t<\/div>\n\t\t\t\t<div class=\"elementor-element elementor-element-deaa71b elementor-widget elementor-widget-heading\" data-id=\"deaa71b\" data-element_type=\"widget\" data-e-type=\"widget\" data-widget_type=\"heading.default\">\n\t\t\t\t\t<h2 class=\"elementor-heading-title elementor-size-default\">Vers un p\u00f4le de sant\u00e9 durable\n<\/h2>\t\t\t\t<\/div>\n\t\t\t\t<div class=\"elementor-element elementor-element-4d98c8d elementor-widget elementor-widget-text-editor\" data-id=\"4d98c8d\" data-element_type=\"widget\" data-e-type=\"widget\" data-widget_type=\"text-editor.default\">\n\t\t\t\t\t\t\t\t\t<p><span class=\"a_GcMg font-feature-liga-off font-feature-clig-off font-feature-calt-off text-decoration-none text-strikethrough-none\">L&rsquo;objectif est de b\u00e2tir un \u00e9cosyst\u00e8me m\u00e9dical complet et r\u00e9silient. En regroupant diverses initiatives de soins et de pr\u00e9vention, ce mod\u00e8le permet de p\u00e9renniser l&rsquo;offre de sant\u00e9 dans la dur\u00e9e. Cette mise en r\u00e9seau offre l&rsquo;agilit\u00e9 n\u00e9cessaire pour s&rsquo;adapter aux sp\u00e9cificit\u00e9s de chaque territoire et aux \u00e9volutions des pratiques m\u00e9dicales.<\/span><\/p>\t\t\t\t\t\t\t\t<\/div>\n\t\t\t\t<div class=\"elementor-element elementor-element-dd335ad elementor-align-left elementor-widget elementor-widget-button\" data-id=\"dd335ad\" data-element_type=\"widget\" data-e-type=\"widget\" data-widget_type=\"button.default\">\n\t\t\t\t\t\t\t\t\t\t<a class=\"elementor-button elementor-button-link elementor-size-sm\" href=\"https:\/\/medecins-solidaires.fr\">\n\t\t\t\t\t\t<span class=\"elementor-button-content-wrapper\">\n\t\t\t\t\t\t\t\t\t<span class=\"elementor-button-text\">En savoir plus<\/span>\n\t\t\t\t\t<\/span>\n\t\t\t\t\t<\/a>\n\t\t\t\t\t\t\t\t<\/div>\n\t\t\t\t<\/div>\n\t\t\t\t\t<\/div>\n\t\t\t\t<\/div>\n\t\t<div class=\"elementor-element elementor-element-2c81083 e-flex e-con-boxed e-con e-parent\" data-id=\"2c81083\" data-element_type=\"container\" data-e-type=\"container\" data-settings=\"{&quot;background_background&quot;:&quot;classic&quot;}\">\n\t\t\t\t\t<div class=\"e-con-inner\">\n\t\t\t\t<div class=\"elementor-element elementor-element-b69e76c elementor-widget elementor-widget-heading\" data-id=\"b69e76c\" data-element_type=\"widget\" data-e-type=\"widget\" data-widget_type=\"heading.default\">\n\t\t\t\t\t<h2 class=\"elementor-heading-title elementor-size-default\">Nous soutenir<\/h2>\t\t\t\t<\/div>\n\t\t\t\t<div class=\"elementor-element elementor-element-7a60f5e elementor-widget elementor-widget-text-editor\" data-id=\"7a60f5e\" data-element_type=\"widget\" data-e-type=\"widget\" data-widget_type=\"text-editor.default\">\n\t\t\t\t\t\t\t\t\t<p class=\"cvGsUA direction-ltr align-center para-style-body\"><span class=\"a_GcMg font-feature-liga-off font-feature-clig-off font-feature-calt-off text-decoration-none text-strikethrough-none\">Chaque don compte. Gr\u00e2ce \u00e0 votre g\u00e9n\u00e9rosit\u00e9, nous pouvons continuer \u00e0 agir concr\u00e8tement et apporter une aide essentielle \u00e0 ceux qui en ont besoin. <\/span><span class=\"a_GcMg font-feature-liga-off font-feature-clig-off font-feature-calt-off text-decoration-none text-strikethrough-none\">Aujourd\u2019hui, vous avez le pouvoir de changer des vies, simplement en donnant.<\/span><\/p>\t\t\t\t\t\t\t\t<\/div>\n\t\t\t\t<div class=\"elementor-element elementor-element-89eed49 elementor-align-center elementor-widget elementor-widget-button\" data-id=\"89eed49\" data-element_type=\"widget\" data-e-type=\"widget\" data-widget_type=\"button.default\">\n\t\t\t\t\t\t\t\t\t\t<a class=\"elementor-button elementor-button-link elementor-size-sm\" href=\"#\">\n\t\t\t\t\t\t<span class=\"elementor-button-content-wrapper\">\n\t\t\t\t\t\t\t\t\t<span class=\"elementor-button-text\">Nous soutenir maintenant<\/span>\n\t\t\t\t\t<\/span>\n\t\t\t\t\t<\/a>\n\t\t\t\t\t\t\t\t<\/div>\n\t\t\t\t\t<\/div>\n\t\t\t\t<\/div>\n\t\t\t\t<\/div>\n\t\t","protected":false},"excerpt":{"rendered":"<p>une semaine pour soigner nos villages Contre les d\u00e9serts m\u00e9dicaux, soignons collectif ! Nous soutenir Le concept\u200b Une r\u00e9ponse collective au d\u00e9sert m\u00e9dical Face \u00e0 l\u2019urgence des d\u00e9serts m\u00e9dicaux, M\u00e9decins Solidaires propose une solution de rupture : la cr\u00e9ation de centres de sant\u00e9 reposant sur un collectif de m\u00e9decins g\u00e9n\u00e9ralistes. Plut\u00f4t que de chercher un [&hellip;]<\/p>\n","protected":false},"author":2,"featured_media":0,"parent":16,"menu_order":0,"comment_status":"closed","ping_status":"closed","template":"","meta":{"footnotes":""},"class_list":["post-20","page","type-page","status-publish","hentry"],"jetpack_sharing_enabled":true,"_links":{"self":[{"href":"https:\/\/bigimpacts.fr\/index.php\/wp-json\/wp\/v2\/pages\/20","targetHints":{"allow":["GET"]}}],"collection":[{"href":"https:\/\/bigimpacts.fr\/index.php\/wp-json\/wp\/v2\/pages"}],"about":[{"href":"https:\/\/bigimpacts.fr\/index.php\/wp-json\/wp\/v2\/types\/page"}],"author":[{"embeddable":true,"href":"https:\/\/bigimpacts.fr\/index.php\/wp-json\/wp\/v2\/users\/2"}],"replies":[{"embeddable":true,"href":"https:\/\/bigimpacts.fr\/index.php\/wp-json\/wp\/v2\/comments?post=20"}],"version-history":[{"count":17,"href":"https:\/\/bigimpacts.fr\/index.php\/wp-json\/wp\/v2\/pages\/20\/revisions"}],"predecessor-version":[{"id":784,"href":"https:\/\/bigimpacts.fr\/index.php\/wp-json\/wp\/v2\/pages\/20\/revisions\/784"}],"up":[{"embeddable":true,"href":"https:\/\/bigimpacts.fr\/index.php\/wp-json\/wp\/v2\/pages\/16"}],"wp:attachment":[{"href":"https:\/\/bigimpacts.fr\/index.php\/wp-json\/wp\/v2\/media?parent=20"}],"curies":[{"name":"wp","href":"https:\/\/api.w.org\/{rel}","templated":true}]}}